{"id":367,"date":"2020-10-13T07:54:41","date_gmt":"2020-10-13T07:54:41","guid":{"rendered":"https:\/\/ferracinipantano.com\/?page_id=367"},"modified":"2022-02-18T13:24:28","modified_gmt":"2022-02-18T13:24:28","slug":"privacy-policy","status":"publish","type":"page","link":"https:\/\/ferracinipantano.com\/?page_id=367","title":{"rendered":"Informativa Privacy"},"content":{"rendered":"<p>Lo scopo del presente documento \u00e8 di informare la persona fisica (di seguito \u201c<strong>Interessato<\/strong>\u201d) relativamente al trattamento dei suoi dati personali (di seguito \u201c<strong>Dati Personali<\/strong>\u201d) raccolti dal titolare del trattamento, P\u00e0ntano Associati, con sede legale in Via L.C. Farini n. 3, 40124 Bologna, CF\/Partita IVA 03690841204 , indirizzo e-mail info@ferracinipantano.com, (di seguito \u201c<strong>Titolare<\/strong>\u201d), tramite il sito web www.ferracinipantano.com (di seguito \u201c<strong>Applicazione<\/strong>\u201d).<\/p>\n<p>Le modifiche e gli aggiornamenti saranno vincolanti non appena pubblicati sull\u2019Applicazione. In caso di mancata accettazione delle modifiche apportate all\u2019Informativa Privacy, l\u2019Interessato \u00e8 tenuto a cessare l\u2019utilizzo di questa Applicazione e pu\u00f2 richiedere al Titolare di cancellare i propri Dati Personali.<\/p>\n<ul>\n<li><strong>Categorie di Dati Personali trattati<\/strong><\/li>\n<\/ul>\n<p>Il Titolare tratta le seguenti tipologie di Dati Personali forniti volontariamente dall\u2019Interessato:<\/p>\n<p>Il Titolare tratta le seguenti tipologie di Dati Personali raccolti in maniera automatizzata:<\/p>\n<ul>\n<li><strong>Dati tecnici<\/strong>: Dati Personali prodotti dai dispositivi, dalle applicazioni, dagli strumenti e dai protocolli utilizzati, quali ad esempio, informazioni sul dispositivo utilizzato, indirizzi IP, tipo di browser, tipo di provider Internet (ISP). Tali Dati Personali possono lasciare tracce che, in particolare se combinate con identificativi univoci e altre informazioni ricevute dai server, possono essere utilizzate per creare profili delle persone fisiche<\/li>\n<li><strong>Dati di navigazione e di utilizzo dell\u2019Applicazione<\/strong>: quali, ad esempio, pagine visitate, numero di clic, azioni compiute, durata delle sessioni, etc.<\/li>\n<\/ul>\n<p>Il mancato conferimento da parte dell\u2019Interessato dei Dati Personali per i quali sussiste l\u2019obbligo legale, contrattuale o qualora costituiscano requisito necessario per la conclusione del contratto con il Titolare, comporter\u00e0 l\u2019impossibilit\u00e0 del Titolare di instaurare o proseguire il rapporto con l\u2019Interessato.<\/p>\n<p>L\u2019Interessato che comunichi al Titolare Dati Personali di terzi \u00e8 direttamente ed esclusivamente responsabile della loro provenienza, raccolta, trattamento, comunicazione o diffusione.<\/p>\n<ul>\n<li><strong>Cookie e tecnologie simili<\/strong><\/li>\n<\/ul>\n<p>L&#8217;Applicazione usa cookie, web beacon, identificatori univoci e altre analoghe tecnologie per raccogliere Dati Personali dell\u2019Interessato sulle pagine, sui collegamenti visitati e sulle altre azioni che si eseguono quando l\u2019Interessato utilizza l\u2019Applicazione. Essi vengono memorizzati per essere poi trasmessi alla successiva visita dell&#8217;Interessato. Si pu\u00f2 prendere visione della Cookie Policy completa al seguente indirizzo: <a href=\"https:\/\/ferracinipantano.com\/?page_id=382\">https:\/\/ferracinipantano.com\/?page_id=382<\/a><\/p>\n<ul>\n<li><strong>Base giuridica e finalit\u00e0 del trattamento<\/strong><\/li>\n<\/ul>\n<p>Il trattamento dei Dati Personali \u00e8 necessario:<\/p>\n<ul>\n<li>per l&#8217;esecuzione del contratto con l\u2019Interessato e precisamente:\n<ul>\n<li><strong>adempimento di ogni obbligo derivante dal rapporto precontrattuale o contrattuale con l\u2019Interessato<\/strong><\/li>\n<\/ul>\n<\/li>\n<li>per obbligo di legge e precisamente:\n<ul>\n<li><strong>l\u2019adempimento di qualunque obbligo previsto dalle vigenti normative<\/strong>, leggi e regolamenti, in particolare, in materia tributaria e fiscale<\/li>\n<\/ul>\n<\/li>\n<li>sulla base del legittimo interesse del Titolare, per:\n<ul>\n<li><strong>statistica con dati anonimi<\/strong>: per effettuare analisi statistiche su dati aggregati e anonimi per analizzare i comportamenti dell\u2019Interessato, per migliorare i prodotti e\/o i servizi forniti dal Titolare e meglio soddisfare le aspettative dell\u2019Interessato<\/li>\n<\/ul>\n<\/li>\n<\/ul>\n<p>I Dati Personali dell&#8217;Interessato possono inoltre essere utilizzati dal Titolare per tutelarsi in giudizio avanti le sedi giudiziarie competenti.<\/p>\n<ul>\n<li><strong>Modalit\u00e0 di trattamento e destinatari dei Dati Personali<\/strong><\/li>\n<\/ul>\n<p>Il trattamento dei Dati Personali viene effettuato mediante strumenti cartacei e informatici con modalit\u00e0 organizzative e con logiche strettamente correlate alle finalit\u00e0 indicate e mediante l&#8217;adozione di adeguate misure di sicurezza.<\/p>\n<p>I Dati Personali sono trattati esclusivamente da:<\/p>\n<ul>\n<li>persone autorizzate dal Titolare del trattamento dei Dati Personali che si sono impegnate alla riservatezza o abbiano un adeguato obbligo legale di riservatezza;<\/li>\n<li>soggetti che operano in autonomia come distinti titolari del trattamento o da soggetti designati quali responsabili del trattamento dal Titolare al fine di svolgere tutte le attivit\u00e0 di trattamento necessarie a perseguire le finalit\u00e0 di cui alla presente informativa (ad esempio, partner commerciali, consulenti, societ\u00e0 informatiche, fornitori di servizi, hosting provider);<\/li>\n<li>soggetti o enti a cui \u00e8 obbligatorio comunicare i Dati Personali per obbligo di legge o per ordine delle autorit\u00e0.<\/li>\n<\/ul>\n<p>I soggetti sopra elencati sono tenuti a utilizzare le garanzie appropriate per proteggere i Dati Personali e possono accedere solo a quelli necessari per eseguire i compiti a loro assegnati.<\/p>\n<p>I Dati Personali non verranno diffusi indiscriminatamente in alcun modo.<\/p>\n<ul>\n<li><strong>Luogo<\/strong><\/li>\n<\/ul>\n<p>I Dati Personali non saranno oggetto di alcun trasferimento al di fuori del territorio dello Spazio Economico Europeo (SEE).<\/p>\n<ul>\n<li><strong>Periodo di conservazione dei Dati Personali<\/strong><\/li>\n<\/ul>\n<p>I Dati Personali saranno conservati per il periodo di tempo necessario ad adempiere alle finalit\u00e0 per i quali sono stati raccolti, in particolare:<\/p>\n<ul>\n<li>per finalit\u00e0 relative all\u2019esecuzione del contratto tra il Titolare e l\u2019Interessato, saranno conservati per tutta la durata del rapporto contrattuale e, dopo la cessazione, per il periodo di prescrizione ordinario pari a 10 anni. Nel caso di contenzioso giudiziale, per tutta la durata dello stesso, fino all\u2019esaurimento dei termini di esperibilit\u00e0 delle azioni di impugnazione<\/li>\n<li>per finalit\u00e0 relative al legittimo interesse del Titolare, saranno conservati fino al compimento di tale interesse<\/li>\n<li>per l\u2019adempimento di un obbligo di legge, per ordine di un\u2019autorit\u00e0 e per la tutela in giudizio, saranno conservati nel rispetto delle tempistiche previste da detti obblighi, normative e comunque sino al compimento del termine prescrizionale previsto dalle norme in vigore<\/li>\n<li>per finalit\u00e0 basate sul consenso dell\u2019Interessato, saranno conservati sino alla revoca del consenso<\/li>\n<\/ul>\n<p>Al termine del periodo di conservazione, tutti i Dati Personali saranno cancellati o conservati in una forma che non consenta l\u2019identificazione dell\u2019Interessato.<\/p>\n<ul>\n<li><strong>Diritti dell\u2019Interessato<\/strong><\/li>\n<\/ul>\n<p>Gli Interessati possono esercitare determinati diritti con riferimento ai Dati Personali trattati dal Titolare. In particolare, l\u2019Interessato ha il diritto di:<\/p>\n<ul>\n<li>essere informato sul trattamento dei propri Dati Personali<\/li>\n<li>revocare il consenso in ogni momento<\/li>\n<li>limitare il trattamento dei propri Dati Personali<\/li>\n<li>opporsi al trattamento dei propri Dati Personali<\/li>\n<li>accedere ai propri Dati Personali<\/li>\n<li>verificare e chiedere la rettifica dei propri Dati Personali<\/li>\n<li>ottenere la limitazione del trattamento dei propri Dati Personali<\/li>\n<li>ottenere la cancellazione dei propri Dati Personali<\/li>\n<li>trasferire i propri Dati Personali ad altro titolare<\/li>\n<li>proporre reclamo all\u2019autorit\u00e0 di controllo della protezione dei propri Dati Personali e\/o agire in sede giudiziale.<\/li>\n<\/ul>\n<p>Per esercitare i propri diritti, gli Interessati possono indirizzare una richiesta al seguente indirizzo e-mail info@ferracinipantano.com. Le richieste saranno prese in carico dal Titolare immediatamente ed evase nel pi\u00f9 breve tempo possibile, in ogni caso entro 30 giorni.<\/p>\n<p>Ultimo aggiornamento: 29\/12\/2021<\/p>\n","protected":false},"excerpt":{"rendered":"<p>Lo scopo del presente documento \u00e8 di informare la persona fisica (di seguito \u201cInteressato\u201d) relativamente al trattamento dei suoi dati personali (di seguito \u201cDati Personali\u201d) raccolti dal titolare del trattamento, P\u00e0ntano Associati, con sede legale in Via L.C. Farini n. 3, 40124 Bologna, CF\/Partita IVA 03690841204 , indirizzo e-mail info@ferracinipantano.com, (di seguito \u201cTitolare\u201d), tramite il &hellip; <a href=\"https:\/\/ferracinipantano.com\/?page_id=367\" class=\"more-link\">Leggi tutto<span class=\"screen-reader-text\"> &#8220;Informativa Privacy&#8221;<\/span><\/a><\/p>\n","protected":false},"author":1,"featured_media":0,"parent":0,"menu_order":0,"comment_status":"closed","ping_status":"closed","template":"","meta":{"footnotes":""},"class_list":["post-367","page","type-page","status-publish","hentry"],"_links":{"self":[{"href":"https:\/\/ferracinipantano.com\/index.php?rest_route=\/wp\/v2\/pages\/367"}],"collection":[{"href":"https:\/\/ferracinipantano.com\/index.php?rest_route=\/wp\/v2\/pages"}],"about":[{"href":"https:\/\/ferracinipantano.com\/index.php?rest_route=\/wp\/v2\/types\/page"}],"author":[{"embeddable":true,"href":"https:\/\/ferracinipantano.com\/index.php?rest_route=\/wp\/v2\/users\/1"}],"replies":[{"embeddable":true,"href":"https:\/\/ferracinipantano.com\/index.php?rest_route=%2Fwp%2Fv2%2Fcomments&post=367"}],"version-history":[{"count":3,"href":"https:\/\/ferracinipantano.com\/index.php?rest_route=\/wp\/v2\/pages\/367\/revisions"}],"predecessor-version":[{"id":384,"href":"https:\/\/ferracinipantano.com\/index.php?rest_route=\/wp\/v2\/pages\/367\/revisions\/384"}],"wp:attachment":[{"href":"https:\/\/ferracinipantano.com\/index.php?rest_route=%2Fwp%2Fv2%2Fmedia&parent=367"}],"curies":[{"name":"wp","href":"https:\/\/api.w.org\/{rel}","templated":true}]}}